{"id":16565,"date":"2019-10-19T11:25:37","date_gmt":"2019-10-19T10:25:37","guid":{"rendered":"https:\/\/navigauconsulting.com\/projects\/"},"modified":"2019-10-19T11:36:15","modified_gmt":"2019-10-19T10:36:15","slug":"projects","status":"publish","type":"page","link":"https:\/\/navigauconsulting.com\/en\/projects\/","title":{"rendered":"Projects"},"content":{"rendered":"<div class=\"fusion-fullwidth fullwidth-box fusion-builder-row-1 nonhundred-percent-fullwidth non-hundred-percent-height-scrolling\" style=\"--awb-border-radius-top-left:0px;--awb-border-radius-top-right:0px;--awb-border-radius-bottom-right:0px;--awb-border-radius-bottom-left:0px;--awb-flex-wrap:wrap;\" ><div class=\"fusion-builder-row fusion-row\"><div class=\"fusion-layout-column fusion_builder_column fusion-builder-column-0 fusion_builder_column_1_1 1_1 fusion-one-full fusion-column-first fusion-column-last\" style=\"--awb-bg-size:cover;\"><div class=\"fusion-column-wrapper fusion-column-has-shadow fusion-flex-column-wrapper-legacy\"><div class=\"fusion-text fusion-text-1\"><h1>Projects<\/h1>\n<\/div><div class=\"pt-cv-wrapper\"><div class=\"pt-cv-view pt-cv-grid pt-cv-colsys\" id=\"pt-cv-view-d97f2dbsr3\"><div data-id=\"pt-cv-page-1\" class=\"pt-cv-page\" data-cvc=\"3\"><div class=\"col-md-4 col-sm-6 col-xs-12 pt-cv-content-item pt-cv-1-col\" ><div class='pt-cv-ifield'><a href=\"https:\/\/navigauconsulting.com\/en\/vessels-survey-ecmid\/\" class=\"_self pt-cv-href-thumbnail pt-cv-thumb-default\" target=\"_self\" ><\/a>\n<h4 class=\"pt-cv-title\"><a href=\"https:\/\/navigauconsulting.com\/en\/vessels-survey-ecmid\/\" class=\"_self\" target=\"_self\" >Vessels Survey &#8211; eCMID<\/a><\/h4>\n<div class=\"pt-cv-content\">IMCA eCMID survey. Vessels surveyed since accreditation AVI number 297 - AVI n\u00b0297 REQUEST FURTHER INFORMATION ...<br \/><div class=\"pt-cv-rmwrap\"><a href=\"https:\/\/navigauconsulting.com\/en\/vessels-survey-ecmid\/\" class=\"_self pt-cv-readmore btn btn-success\" target=\"_self\">Lire La Suite\u2026<\/a><\/div><\/div><\/div><\/div>\n<div class=\"col-md-4 col-sm-6 col-xs-12 pt-cv-content-item pt-cv-1-col\" ><div class='pt-cv-ifield'><a href=\"https:\/\/navigauconsulting.com\/en\/mooring-for-lpg-baie-des-dames_noumea\/\" class=\"_self pt-cv-href-thumbnail pt-cv-thumb-default\" target=\"_self\" ><\/a>\n<h4 class=\"pt-cv-title\"><a href=\"https:\/\/navigauconsulting.com\/en\/mooring-for-lpg-baie-des-dames_noumea\/\" class=\"_self\" target=\"_self\" >Mooring for LPG &#8211; Baie des Dames_Noum\u00e9a<\/a><\/h4>\n<div class=\"pt-cv-content\">Design and realise a mooring for LPG - Baie des Dames. Maritime part for the two lines of anchorage on ...<br \/><div class=\"pt-cv-rmwrap\"><a href=\"https:\/\/navigauconsulting.com\/en\/mooring-for-lpg-baie-des-dames_noumea\/\" class=\"_self pt-cv-readmore btn btn-success\" target=\"_self\">Lire La Suite\u2026<\/a><\/div><\/div><\/div><\/div>\n<div class=\"col-md-4 col-sm-6 col-xs-12 pt-cv-content-item pt-cv-1-col\" ><div class='pt-cv-ifield'><a href=\"https:\/\/navigauconsulting.com\/en\/draft-surveys-benin\/\" class=\"_self pt-cv-href-thumbnail pt-cv-thumb-default\" target=\"_self\" ><\/a>\n<h4 class=\"pt-cv-title\"><a href=\"https:\/\/navigauconsulting.com\/en\/draft-surveys-benin\/\" class=\"_self\" target=\"_self\" >Draft surveys &#8211; B\u00e9nin<\/a><\/h4>\n<div class=\"pt-cv-content\">Draft Surveys audit for B\u00e9nin Control. The aim of this audit is to propose best practices in order to enhance ...<br \/><div class=\"pt-cv-rmwrap\"><a href=\"https:\/\/navigauconsulting.com\/en\/draft-surveys-benin\/\" class=\"_self pt-cv-readmore btn btn-success\" target=\"_self\">Lire La Suite\u2026<\/a><\/div><\/div><\/div><\/div>\n<div class=\"col-md-4 col-sm-6 col-xs-12 pt-cv-content-item pt-cv-1-col\" ><div class='pt-cv-ifield'><a href=\"https:\/\/navigauconsulting.com\/en\/pollution-naufrage-du-navire-grande-america-intervention-navigau-consulting\/\" class=\"_self pt-cv-href-thumbnail pt-cv-thumb-default\" target=\"_self\" ><\/a>\n<h4 class=\"pt-cv-title\"><a href=\"https:\/\/navigauconsulting.com\/en\/pollution-naufrage-du-navire-grande-america-intervention-navigau-consulting\/\" class=\"_self\" target=\"_self\" >Pollution &#8211; Wreckage of the vessel GRANDE AMERICA in the bay of Biscay- Navigau Consulting is concerned<\/a><\/h4>\n<div class=\"pt-cv-content\">Navigau Consulting work with\u00a0 journalists from FRANCE t\u00e9l\u00e9visions. Could this fire be stopped ?\u00a0 Was this vessel a dangerous one ...<br \/><div class=\"pt-cv-rmwrap\"><a href=\"https:\/\/navigauconsulting.com\/en\/pollution-naufrage-du-navire-grande-america-intervention-navigau-consulting\/\" class=\"_self pt-cv-readmore btn btn-success\" target=\"_self\">Lire La Suite\u2026<\/a><\/div><\/div><\/div><\/div>\n<div class=\"col-md-4 col-sm-6 col-xs-12 pt-cv-content-item pt-cv-1-col\" ><div class='pt-cv-ifield'><a href=\"https:\/\/navigauconsulting.com\/en\/etude-risques-peche-et-navigation-pour-la-ferme-eolienne-flottante-de-leucate-mediterranee\/\" class=\"_self pt-cv-href-thumbnail pt-cv-thumb-default\" target=\"_self\" ><\/a>\n<h4 class=\"pt-cv-title\"><a href=\"https:\/\/navigauconsulting.com\/en\/etude-risques-peche-et-navigation-pour-la-ferme-eolienne-flottante-de-leucate-mediterranee\/\" class=\"_self\" target=\"_self\" >Shipping and Fishing risks study for the EFGL wind farm (LEUCATE Mediterranean sea)<\/a><\/h4>\n<div class=\"pt-cv-content\">This study prepares the Burial Assessment. Definition of Fishing &amp; Shipping risks for the to be buried cables. Working for ...<br \/><div class=\"pt-cv-rmwrap\"><a href=\"https:\/\/navigauconsulting.com\/en\/etude-risques-peche-et-navigation-pour-la-ferme-eolienne-flottante-de-leucate-mediterranee\/\" class=\"_self pt-cv-readmore btn btn-success\" target=\"_self\">Lire La Suite\u2026<\/a><\/div><\/div><\/div><\/div>\n<div class=\"col-md-4 col-sm-6 col-xs-12 pt-cv-content-item pt-cv-1-col\" ><div class='pt-cv-ifield'><a href=\"https:\/\/navigauconsulting.com\/en\/checknews-8-fevrier-2019-pollution-maritime\/\" class=\"_self pt-cv-href-thumbnail pt-cv-thumb-default\" target=\"_self\" ><\/a>\n<h4 class=\"pt-cv-title\"><a href=\"https:\/\/navigauconsulting.com\/en\/checknews-8-fevrier-2019-pollution-maritime\/\" class=\"_self\" target=\"_self\" >CheckNews 8 f\u00e9vrier 2019 &#8211; Maritime pollution<\/a><\/h4>\n<div class=\"pt-cv-content\">Navigau Consulting participates in fact checking. A photo went viral on social media showing what they pretended was a voluntary ...<br \/><div class=\"pt-cv-rmwrap\"><a href=\"https:\/\/navigauconsulting.com\/en\/checknews-8-fevrier-2019-pollution-maritime\/\" class=\"_self pt-cv-readmore btn btn-success\" target=\"_self\">Lire La Suite\u2026<\/a><\/div><\/div><\/div><\/div>\n<div class=\"col-md-4 col-sm-6 col-xs-12 pt-cv-content-item pt-cv-1-col\" ><div class='pt-cv-ifield'><a href=\"https:\/\/navigauconsulting.com\/en\/neptune-blue-growth-accelerator\/\" class=\"_self pt-cv-href-thumbnail pt-cv-thumb-default\" target=\"_self\" ><\/a>\n<h4 class=\"pt-cv-title\"><a href=\"https:\/\/navigauconsulting.com\/en\/neptune-blue-growth-accelerator\/\" class=\"_self\" target=\"_self\" >Neptune Blue Growth Accelerator<\/a><\/h4>\n<div class=\"pt-cv-content\">Navigau Consulting participates to the European NEPTUNE project through the demonstrator Dabbie.Dabbie is embedded in the project NEPTUNE.Navigau Consulting is ...<br \/><div class=\"pt-cv-rmwrap\"><a href=\"https:\/\/navigauconsulting.com\/en\/neptune-blue-growth-accelerator\/\" class=\"_self pt-cv-readmore btn btn-success\" target=\"_self\">Lire La Suite\u2026<\/a><\/div><\/div><\/div><\/div>\n<div class=\"col-md-4 col-sm-6 col-xs-12 pt-cv-content-item pt-cv-1-col\" ><div class='pt-cv-ifield'><a href=\"https:\/\/navigauconsulting.com\/en\/ism-isps-internal-audit\/\" class=\"_self pt-cv-href-thumbnail pt-cv-thumb-default\" target=\"_self\" ><\/a>\n<h4 class=\"pt-cv-title\"><a href=\"https:\/\/navigauconsulting.com\/en\/ism-isps-internal-audit\/\" class=\"_self\" target=\"_self\" >ISM\/ISPS Internal audit<\/a><\/h4>\n<div class=\"pt-cv-content\">Internal ISM\/ISPS audit of a cargo vessel 80 000DWT - MV Golden Endurer - IMO 9481465 Audit in La Rochelle, ...<br \/><div class=\"pt-cv-rmwrap\"><a href=\"https:\/\/navigauconsulting.com\/en\/ism-isps-internal-audit\/\" class=\"_self pt-cv-readmore btn btn-success\" target=\"_self\">Lire La Suite\u2026<\/a><\/div><\/div><\/div><\/div>\n<div class=\"col-md-4 col-sm-6 col-xs-12 pt-cv-content-item pt-cv-1-col\" ><div class='pt-cv-ifield'><a href=\"https:\/\/navigauconsulting.com\/en\/hasards-de-mer-a-book-published-at-balland-publisher\/\" class=\"_self pt-cv-href-thumbnail pt-cv-thumb-default\" target=\"_self\" ><\/a>\n<h4 class=\"pt-cv-title\"><a href=\"https:\/\/navigauconsulting.com\/en\/hasards-de-mer-a-book-published-at-balland-publisher\/\" class=\"_self\" target=\"_self\" >Hasards de mer &#8211; A book published at BALLAND publisher<\/a><\/h4>\n<div class=\"pt-cv-content\">Les r\u00e9cits des huit Officiers du Grand Large, dont le Commandant Raymond GAUVAIN fait partie, ont \u00e9t\u00e9 publi\u00e9s dans un ...<br \/><div class=\"pt-cv-rmwrap\"><a href=\"https:\/\/navigauconsulting.com\/en\/hasards-de-mer-a-book-published-at-balland-publisher\/\" class=\"_self pt-cv-readmore btn btn-success\" target=\"_self\">Lire La Suite\u2026<\/a><\/div><\/div><\/div><\/div>\n<div class=\"col-md-4 col-sm-6 col-xs-12 pt-cv-content-item pt-cv-1-col\" ><div class='pt-cv-ifield'><a href=\"https:\/\/navigauconsulting.com\/en\/draft-survey-of-a-cargo-vessel\/\" class=\"_self pt-cv-href-thumbnail pt-cv-thumb-default\" target=\"_self\" ><\/a>\n<h4 class=\"pt-cv-title\"><a href=\"https:\/\/navigauconsulting.com\/en\/draft-survey-of-a-cargo-vessel\/\" class=\"_self\" target=\"_self\" >Draft survey of a cargo vessel<\/a><\/h4>\n<div class=\"pt-cv-content\">Draft survey for loading\u00a0 4 000 tonnes of cement in Le Havre France. Op\u00e9ration courante de v\u00e9rification du chargement d'un ...<br \/><div class=\"pt-cv-rmwrap\"><a href=\"https:\/\/navigauconsulting.com\/en\/draft-survey-of-a-cargo-vessel\/\" class=\"_self pt-cv-readmore btn btn-success\" target=\"_self\">Lire La Suite\u2026<\/a><\/div><\/div><\/div><\/div><\/div><\/div><\/div><div class=\"fusion-clearfix\"><\/div><\/div><\/div><\/div><\/div>\n","protected":false},"excerpt":{"rendered":"","protected":false},"author":2,"featured_media":0,"parent":0,"menu_order":0,"comment_status":"closed","ping_status":"closed","template":"","meta":{"footnotes":""},"categories":[],"tags":[],"class_list":["post-16565","page","type-page","status-publish","hentry"],"_links":{"self":[{"href":"https:\/\/navigauconsulting.com\/en\/wp-json\/wp\/v2\/pages\/16565","targetHints":{"allow":["GET"]}}],"collection":[{"href":"https:\/\/navigauconsulting.com\/en\/wp-json\/wp\/v2\/pages"}],"about":[{"href":"https:\/\/navigauconsulting.com\/en\/wp-json\/wp\/v2\/types\/page"}],"author":[{"embeddable":true,"href":"https:\/\/navigauconsulting.com\/en\/wp-json\/wp\/v2\/users\/2"}],"replies":[{"embeddable":true,"href":"https:\/\/navigauconsulting.com\/en\/wp-json\/wp\/v2\/comments?post=16565"}],"version-history":[{"count":0,"href":"https:\/\/navigauconsulting.com\/en\/wp-json\/wp\/v2\/pages\/16565\/revisions"}],"wp:attachment":[{"href":"https:\/\/navigauconsulting.com\/en\/wp-json\/wp\/v2\/media?parent=16565"}],"wp:term":[{"taxonomy":"category","embeddable":true,"href":"https:\/\/navigauconsulting.com\/en\/wp-json\/wp\/v2\/categories?post=16565"},{"taxonomy":"post_tag","embeddable":true,"href":"https:\/\/navigauconsulting.com\/en\/wp-json\/wp\/v2\/tags?post=16565"}],"curies":[{"name":"wp","href":"https:\/\/api.w.org\/{rel}","templated":true}]}}