{"id":14477,"date":"2019-05-14T15:07:27","date_gmt":"2019-05-14T14:07:27","guid":{"rendered":"https:\/\/navigauconsulting.com\/pollution-naufrage-du-navire-grande-america-intervention-navigau-consulting\/"},"modified":"2019-10-19T11:39:21","modified_gmt":"2019-10-19T10:39:21","slug":"pollution-naufrage-du-navire-grande-america-intervention-navigau-consulting","status":"publish","type":"page","link":"https:\/\/navigauconsulting.com\/en\/pollution-naufrage-du-navire-grande-america-intervention-navigau-consulting\/","title":{"rendered":"Pollution &#8211; Wreckage of the vessel GRANDE AMERICA in the bay of Biscay- Navigau Consulting is concerned"},"content":{"rendered":"<div class=\"fusion-fullwidth fullwidth-box fusion-builder-row-1 nonhundred-percent-fullwidth non-hundred-percent-height-scrolling\" style=\"--awb-background-position:left top;--awb-border-radius-top-left:0px;--awb-border-radius-top-right:0px;--awb-border-radius-bottom-right:0px;--awb-border-radius-bottom-left:0px;--awb-padding-top:20px;--awb-padding-bottom:20px;--awb-border-sizes-top:0px;--awb-border-sizes-bottom:0px;--awb-flex-wrap:wrap;\" ><div class=\"fusion-builder-row fusion-row\"><div class=\"fusion-layout-column fusion_builder_column fusion-builder-column-0 fusion_builder_column_1_1 1_1 fusion-one-full fusion-column-first fusion-column-last fusion-column-no-min-height\" style=\"--awb-bg-size:cover;--awb-margin-bottom:0px;\"><div class=\"fusion-column-wrapper fusion-flex-column-wrapper-legacy\"><div class=\"fusion-text fusion-text-1\"><h2><strong>Navigau Consulting work with\u00a0 journalists from FRANCE t\u00e9l\u00e9visions.<\/strong><\/h2>\n<p>Could this fire be stopped ?\u00a0 Was this vessel a dangerous one ?<\/p>\n<p>See the\u00a0 <a href=\"https:\/\/www.francetvinfo.fr\/monde\/environnement\/naufrage-du-grande-america\/grande-america-questions-sur-un-navire_3233569.html\">vid\u00e9o du journal t\u00e9l\u00e9vis\u00e9 de 20 heures de FRANCE 2<\/a>.<\/p>\n<\/div><div class=\"fusion-image-carousel fusion-image-carousel-auto fusion-image-carousel-1 lightbox-enabled fusion-carousel-border\"><div class=\"awb-carousel awb-swiper awb-swiper-carousel\" data-autoplay=\"no\" data-columns=\"4\" data-itemmargin=\"13\" data-itemwidth=\"180\" data-touchscroll=\"no\" data-imagesize=\"auto\" style=\"--awb-columns:4;\"><div class=\"swiper-wrapper awb-image-carousel-wrapper fusion-flex-align-items-center\"><div class=\"swiper-slide\"><div class=\"fusion-carousel-item-wrapper\"><div class=\"fusion-image-wrapper hover-type-zoomin\"><a data-rel=\"iLightbox[image_carousel_1]\" data-title=\"Grande America_1\" aria-label=\"Grande America_1\" href=\"https:\/\/navigauconsulting.com\/wp-content\/uploads\/2019\/05\/Grande-America_1-300x169.jpg\" target=\"_self\"><img decoding=\"async\" width=\"800\" height=\"450\" src=\"https:\/\/navigauconsulting.com\/wp-content\/uploads\/2019\/05\/Grande-America_1.jpg\" class=\"attachment-full size-full\" alt=\"\" srcset=\"https:\/\/navigauconsulting.com\/wp-content\/uploads\/2019\/05\/Grande-America_1-200x113.jpg 200w, https:\/\/navigauconsulting.com\/wp-content\/uploads\/2019\/05\/Grande-America_1-400x225.jpg 400w, https:\/\/navigauconsulting.com\/wp-content\/uploads\/2019\/05\/Grande-America_1-600x338.jpg 600w, https:\/\/navigauconsulting.com\/wp-content\/uploads\/2019\/05\/Grande-America_1.jpg 800w\" sizes=\"(min-width: 2200px) 100vw, (min-width: 1180px) 283px, (min-width: 1089px) 377px, (min-width: 997px) 566px, (min-width: 905px) 997px, \" \/><\/a><\/div><\/div><\/div><div class=\"swiper-slide\"><div class=\"fusion-carousel-item-wrapper\"><div class=\"fusion-image-wrapper hover-type-zoomin\"><a data-rel=\"iLightbox[image_carousel_1]\" data-title=\"Grande America_3\" aria-label=\"Grande America_3\" href=\"https:\/\/navigauconsulting.com\/wp-content\/uploads\/2019\/05\/Grande-America_3-300x171.jpg\" target=\"_self\"><img decoding=\"async\" width=\"1010\" height=\"575\" src=\"https:\/\/navigauconsulting.com\/wp-content\/uploads\/2019\/05\/Grande-America_3.jpg\" class=\"attachment-full size-full\" alt=\"\" srcset=\"https:\/\/navigauconsulting.com\/wp-content\/uploads\/2019\/05\/Grande-America_3-200x114.jpg 200w, https:\/\/navigauconsulting.com\/wp-content\/uploads\/2019\/05\/Grande-America_3-400x228.jpg 400w, https:\/\/navigauconsulting.com\/wp-content\/uploads\/2019\/05\/Grande-America_3-600x342.jpg 600w, https:\/\/navigauconsulting.com\/wp-content\/uploads\/2019\/05\/Grande-America_3-800x455.jpg 800w, https:\/\/navigauconsulting.com\/wp-content\/uploads\/2019\/05\/Grande-America_3.jpg 1010w\" sizes=\"(min-width: 2200px) 100vw, (min-width: 1180px) 283px, (min-width: 1089px) 377px, (min-width: 997px) 566px, (min-width: 905px) 997px, \" \/><\/a><\/div><\/div><\/div><div class=\"swiper-slide\"><div class=\"fusion-carousel-item-wrapper\"><div class=\"fusion-image-wrapper hover-type-zoomin\"><a data-rel=\"iLightbox[image_carousel_1]\" data-title=\"Grande America_2\" aria-label=\"Grande America_2\" href=\"https:\/\/navigauconsulting.com\/wp-content\/uploads\/2019\/05\/Grande-America_2-300x167.jpg\" target=\"_self\"><img decoding=\"async\" width=\"1016\" height=\"565\" src=\"https:\/\/navigauconsulting.com\/wp-content\/uploads\/2019\/05\/Grande-America_2.jpg\" class=\"attachment-full size-full\" alt=\"\" srcset=\"https:\/\/navigauconsulting.com\/wp-content\/uploads\/2019\/05\/Grande-America_2-200x111.jpg 200w, https:\/\/navigauconsulting.com\/wp-content\/uploads\/2019\/05\/Grande-America_2-400x222.jpg 400w, https:\/\/navigauconsulting.com\/wp-content\/uploads\/2019\/05\/Grande-America_2-600x334.jpg 600w, https:\/\/navigauconsulting.com\/wp-content\/uploads\/2019\/05\/Grande-America_2-800x445.jpg 800w, https:\/\/navigauconsulting.com\/wp-content\/uploads\/2019\/05\/Grande-America_2.jpg 1016w\" sizes=\"(min-width: 2200px) 100vw, (min-width: 1180px) 283px, (min-width: 1089px) 377px, (min-width: 997px) 566px, (min-width: 905px) 997px, \" \/><\/a><\/div><\/div><\/div><div class=\"swiper-slide\"><div class=\"fusion-carousel-item-wrapper\"><div class=\"fusion-image-wrapper hover-type-zoomin\"><a data-rel=\"iLightbox[image_carousel_1]\" data-title=\"Grande America_4\" aria-label=\"Grande America_4\" href=\"https:\/\/navigauconsulting.com\/wp-content\/uploads\/2019\/05\/Grande-America_4-300x214.jpg\" target=\"_self\"><img decoding=\"async\" width=\"1182\" height=\"842\" src=\"https:\/\/navigauconsulting.com\/wp-content\/uploads\/2019\/05\/Grande-America_4.jpg\" class=\"attachment-full size-full\" alt=\"\" srcset=\"https:\/\/navigauconsulting.com\/wp-content\/uploads\/2019\/05\/Grande-America_4-200x142.jpg 200w, https:\/\/navigauconsulting.com\/wp-content\/uploads\/2019\/05\/Grande-America_4-400x285.jpg 400w, https:\/\/navigauconsulting.com\/wp-content\/uploads\/2019\/05\/Grande-America_4-600x427.jpg 600w, https:\/\/navigauconsulting.com\/wp-content\/uploads\/2019\/05\/Grande-America_4-800x570.jpg 800w, https:\/\/navigauconsulting.com\/wp-content\/uploads\/2019\/05\/Grande-America_4.jpg 1182w\" sizes=\"(min-width: 2200px) 100vw, (min-width: 1180px) 283px, (min-width: 1089px) 377px, (min-width: 997px) 566px, (min-width: 905px) 997px, \" \/><\/a><\/div><\/div><\/div><\/div><div class=\"awb-swiper-button awb-swiper-button-prev\"><i class=\"awb-icon-angle-left\" aria-hidden=\"true\"><\/i><\/div><div class=\"awb-swiper-button awb-swiper-button-next\"><i class=\"awb-icon-angle-right\" aria-hidden=\"true\"><\/i><\/div><\/div><\/div><div class=\"fusion-button-wrapper\"><a class=\"fusion-button button-flat fusion-button-default-size button-default fusion-button-default button-1 fusion-button-default-span fusion-button-default-type\" target=\"_self\" href=\"\/contact\"><span class=\"fusion-button-text\">DEMANDER DES INFORMATIONS SUPPLEMENTAIRES<\/span><\/a><\/div><div class=\"fusion-clearfix\"><\/div><\/div><\/div><\/div><\/div>\n","protected":false},"excerpt":{"rendered":"","protected":false},"author":3,"featured_media":0,"parent":0,"menu_order":0,"comment_status":"closed","ping_status":"closed","template":"","meta":{"footnotes":""},"categories":[56],"tags":[],"class_list":["post-14477","page","type-page","status-publish","hentry","category-projects"],"_links":{"self":[{"href":"https:\/\/navigauconsulting.com\/en\/wp-json\/wp\/v2\/pages\/14477","targetHints":{"allow":["GET"]}}],"collection":[{"href":"https:\/\/navigauconsulting.com\/en\/wp-json\/wp\/v2\/pages"}],"about":[{"href":"https:\/\/navigauconsulting.com\/en\/wp-json\/wp\/v2\/types\/page"}],"author":[{"embeddable":true,"href":"https:\/\/navigauconsulting.com\/en\/wp-json\/wp\/v2\/users\/3"}],"replies":[{"embeddable":true,"href":"https:\/\/navigauconsulting.com\/en\/wp-json\/wp\/v2\/comments?post=14477"}],"version-history":[{"count":0,"href":"https:\/\/navigauconsulting.com\/en\/wp-json\/wp\/v2\/pages\/14477\/revisions"}],"wp:attachment":[{"href":"https:\/\/navigauconsulting.com\/en\/wp-json\/wp\/v2\/media?parent=14477"}],"wp:term":[{"taxonomy":"category","embeddable":true,"href":"https:\/\/navigauconsulting.com\/en\/wp-json\/wp\/v2\/categories?post=14477"},{"taxonomy":"post_tag","embeddable":true,"href":"https:\/\/navigauconsulting.com\/en\/wp-json\/wp\/v2\/tags?post=14477"}],"curies":[{"name":"wp","href":"https:\/\/api.w.org\/{rel}","templated":true}]}}