{"id":13754,"date":"2018-06-13T15:13:00","date_gmt":"2018-06-13T14:13:00","guid":{"rendered":"https:\/\/navigauconsulting.com\/hasards-de-mer-a-book-published-at-balland-publisher\/"},"modified":"2019-10-19T11:38:23","modified_gmt":"2019-10-19T10:38:23","slug":"hasards-de-mer-a-book-published-at-balland-publisher","status":"publish","type":"page","link":"https:\/\/navigauconsulting.com\/en\/hasards-de-mer-a-book-published-at-balland-publisher\/","title":{"rendered":"Hasards de mer &#8211; A book published at BALLAND publisher"},"content":{"rendered":"<div class=\"fusion-fullwidth fullwidth-box fusion-builder-row-1 nonhundred-percent-fullwidth non-hundred-percent-height-scrolling\" style=\"--awb-background-position:left top;--awb-border-radius-top-left:0px;--awb-border-radius-top-right:0px;--awb-border-radius-bottom-right:0px;--awb-border-radius-bottom-left:0px;--awb-padding-top:20px;--awb-padding-bottom:20px;--awb-border-sizes-top:0px;--awb-border-sizes-bottom:0px;--awb-flex-wrap:wrap;\" ><div class=\"fusion-builder-row fusion-row\"><div class=\"fusion-layout-column fusion_builder_column fusion-builder-column-0 fusion_builder_column_1_1 1_1 fusion-one-full fusion-column-first fusion-column-last fusion-column-no-min-height\" style=\"--awb-bg-size:cover;--awb-margin-bottom:0px;\"><div class=\"fusion-column-wrapper fusion-flex-column-wrapper-legacy\"><div class=\"fusion-text fusion-text-1\"><h2><strong>Les r\u00e9cits des huit Officiers du Grand Large, dont le Commandant Raymond GAUVAIN fait partie, ont \u00e9t\u00e9 publi\u00e9s dans un ouvrage chez Balland.<\/strong><\/h2>\n<p style=\"text-align: left;\">Ces quelques r\u00e9cits ont pour intention de mettre en lumi\u00e8re le m\u00e9tier de marin au sein de la Marine Nationale, fort m\u00e9connu du public depuis Pierre Loti, Claude Farr\u00e8re ou Paul CHACK.<\/p>\n<p style=\"text-align: left;\">Ces comptes rendus d\u2019officiers sur les op\u00e9rations qu\u2019ils ont pu mener s\u2019\u00e9tendent sur une p\u00e9riode allant de 1980 \u00e0 2010, typiques d\u2019une \u00e9poque entre la fin de la guerre froide et la r\u00e9apparition de la piraterie vers l\u2019\u00e9quateur, illustrant un monde redevenu multipolaire. Or les marins sont bien souvent pr\u00e9-positionn\u00e9s dans ces zones de \u00ab discontinuit\u00e9 \u00bb g\u00e9opolitique, veillant \u00e0 l\u2019\u00e9volution de la tectonique des plaques plan\u00e9taire, l\u00e0 o\u00f9 s\u2019affrontent des conceptions diff\u00e9rentes sur le commerce, le droit, la diplomatie, voire la guerre, bref sur la vie.<\/p>\n<p>Les \u00e9v\u00e9nements sont r\u00e9els et ont souvent \u00e9t\u00e9 \u00e9voqu\u00e9s dans les m\u00e9dias, mais en g\u00e9n\u00e9ral de fa\u00e7on br\u00e8ve, un vendredi soir dans une d\u00e9p\u00eache AFP vite oubli\u00e9e, la sc\u00e8ne se d\u00e9roulant la plupart du temps au bout du monde et ne concernant en apparence que quelques marins et de rares civils\u2026 Encore qu\u2019une actualit\u00e9 br\u00fblante vient de renouveler, avec 20 ans d\u2019\u00e9cart, l\u2019\u00e9vacuation de nos ressortissants du Y\u00e9men (chapitre VII) : sempiternelle Arabie heureuse, plac\u00e9e \u00e0 la porte de\u00a0l\u2019Orient et au r\u00e9gime pas toujours stable ! Comme le disait souvent Churchill : \u00ab les faits sont t\u00eatus ! \u00bb, et les marins bien positionn\u00e9s pour le constater <em>in<\/em> <em>situ<\/em>.<\/p>\n<p>Ces r\u00e9cits appartiennent \u2013 modestement \u2013 \u00e0 l\u2019Histoire, seuls les noms de personnages et de bateaux ont \u00e9t\u00e9 modifi\u00e9s afin de respecter l\u2019anonymat de chacun. Personne n\u2019entre dans la Marine pour devenir c\u00e9l\u00e8bre, on ne la choisit pas pour la gloriole, on y entre pour servir, pour pratiquer les arts de la guerre, pour vivre en \u00e9qui- page ou voir du pays, pour rencontrer une certaine vari\u00e9t\u00e9 au quotidien, souvent sup\u00e9rieure \u00e0 celle atten- due\u2026 N\u00e9anmoins, ces r\u00e9cits, s\u2019ajoutant \u00e0 ceux des anciens, forment une couche s\u00e9dimentaire suppl\u00e9men- taire d\u2019histoire navale dans l\u2019\u00e9pop\u00e9e de la Marine fran- \u00e7aise, informant mais aussi nourrissant ainsi l\u2019imaginaire de nos compatriotes.<\/p>\n<p>Avec de la chance, tout marin embarqu\u00e9 participe \u00e0 de tels \u00e9v\u00e9nements et \u00e0 leur destin\u00e9e, mais souvent bri\u00e8vement. De quart de minuit \u00e0 quatre heures du matin, il ignore souvent les causes de l\u2019action en cours et sera peut- \u00eatre recouch\u00e9 quand elle se terminera. Les conteurs ont eu la chance de la vivre int\u00e9gralement : vous ne l\u2019avez qu\u2019une ou deux fois au cours d\u2019une carri\u00e8re ! Rendre compte ici de ces aventures exceptionnelles para\u00eet une belle mani\u00e8re de rendre hommage aux marins de leurs \u00e9quipages qui ont particip\u00e9 \u00e0 l\u2019\u00e9v\u00e9nement.<\/p>\n<\/div><div class=\"fusion-image-carousel fusion-image-carousel-auto fusion-image-carousel-1 lightbox-enabled fusion-carousel-border\"><div class=\"awb-carousel awb-swiper awb-swiper-carousel\" data-autoplay=\"no\" data-columns=\"4\" data-itemmargin=\"13\" data-itemwidth=\"180\" data-touchscroll=\"no\" data-imagesize=\"auto\" style=\"--awb-columns:4;\"><div class=\"swiper-wrapper awb-image-carousel-wrapper fusion-flex-align-items-center\"><div class=\"swiper-slide\"><div class=\"fusion-carousel-item-wrapper\"><div class=\"fusion-image-wrapper hover-type-zoomin\"><a data-rel=\"iLightbox[image_carousel_1]\" data-title=\"Couverture seule\" aria-label=\"Couverture seule\" href=\"https:\/\/navigauconsulting.com\/wp-content\/uploads\/2018\/06\/Couverture-seule-300x234.jpg\" target=\"_self\"><img decoding=\"async\" width=\"980\" height=\"764\" src=\"https:\/\/navigauconsulting.com\/wp-content\/uploads\/2018\/06\/Couverture-seule.jpg\" class=\"attachment-full size-full\" alt=\"\" srcset=\"https:\/\/navigauconsulting.com\/wp-content\/uploads\/2018\/06\/Couverture-seule-200x156.jpg 200w, https:\/\/navigauconsulting.com\/wp-content\/uploads\/2018\/06\/Couverture-seule-300x234.jpg 300w, https:\/\/navigauconsulting.com\/wp-content\/uploads\/2018\/06\/Couverture-seule-400x312.jpg 400w, https:\/\/navigauconsulting.com\/wp-content\/uploads\/2018\/06\/Couverture-seule-600x468.jpg 600w, https:\/\/navigauconsulting.com\/wp-content\/uploads\/2018\/06\/Couverture-seule-768x599.jpg 768w, https:\/\/navigauconsulting.com\/wp-content\/uploads\/2018\/06\/Couverture-seule-800x624.jpg 800w, https:\/\/navigauconsulting.com\/wp-content\/uploads\/2018\/06\/Couverture-seule.jpg 980w\" sizes=\"(max-width: 980px) 100vw, 980px\" \/><\/a><\/div><\/div><\/div><\/div><div class=\"awb-swiper-button awb-swiper-button-prev\"><i class=\"awb-icon-angle-left\" aria-hidden=\"true\"><\/i><\/div><div class=\"awb-swiper-button awb-swiper-button-next\"><i class=\"awb-icon-angle-right\" aria-hidden=\"true\"><\/i><\/div><\/div><\/div><div class=\"fusion-button-wrapper\"><a class=\"fusion-button button-flat fusion-button-default-size button-default fusion-button-default button-1 fusion-button-default-span fusion-button-default-type\" target=\"_self\" href=\"https:\/\/navigauconsulting.com\/en\/contact\/\"><span class=\"fusion-button-text\">ASK FOR MORE INFORMATIONS<\/span><\/a><\/div><div class=\"fusion-clearfix\"><\/div><\/div><\/div><\/div><\/div>\n","protected":false},"excerpt":{"rendered":"","protected":false},"author":3,"featured_media":0,"parent":0,"menu_order":0,"comment_status":"closed","ping_status":"closed","template":"","meta":{"footnotes":""},"categories":[56],"tags":[],"class_list":["post-13754","page","type-page","status-publish","hentry","category-projects"],"_links":{"self":[{"href":"https:\/\/navigauconsulting.com\/en\/wp-json\/wp\/v2\/pages\/13754","targetHints":{"allow":["GET"]}}],"collection":[{"href":"https:\/\/navigauconsulting.com\/en\/wp-json\/wp\/v2\/pages"}],"about":[{"href":"https:\/\/navigauconsulting.com\/en\/wp-json\/wp\/v2\/types\/page"}],"author":[{"embeddable":true,"href":"https:\/\/navigauconsulting.com\/en\/wp-json\/wp\/v2\/users\/3"}],"replies":[{"embeddable":true,"href":"https:\/\/navigauconsulting.com\/en\/wp-json\/wp\/v2\/comments?post=13754"}],"version-history":[{"count":0,"href":"https:\/\/navigauconsulting.com\/en\/wp-json\/wp\/v2\/pages\/13754\/revisions"}],"wp:attachment":[{"href":"https:\/\/navigauconsulting.com\/en\/wp-json\/wp\/v2\/media?parent=13754"}],"wp:term":[{"taxonomy":"category","embeddable":true,"href":"https:\/\/navigauconsulting.com\/en\/wp-json\/wp\/v2\/categories?post=13754"},{"taxonomy":"post_tag","embeddable":true,"href":"https:\/\/navigauconsulting.com\/en\/wp-json\/wp\/v2\/tags?post=13754"}],"curies":[{"name":"wp","href":"https:\/\/api.w.org\/{rel}","templated":true}]}}